{"id":252,"date":"2025-05-29T04:39:40","date_gmt":"2025-05-29T04:39:40","guid":{"rendered":"https:\/\/hotpink-crow-293354.hostingersite.com\/about\/"},"modified":"2025-06-07T04:46:03","modified_gmt":"2025-06-07T04:46:03","slug":"abouttheauthor","status":"publish","type":"page","link":"https:\/\/learningportuguese.pt\/de\/abouttheauthor\/","title":{"rendered":"\u00dcber den Autor"},"content":{"rendered":"<div class=\"wp-block-uagb-container uagb-block-c8177a42 alignfull uagb-is-root-container\"><div class=\"uagb-container-inner-blocks-wrap\">\n<div class=\"wp-block-uagb-advanced-heading uagb-block-1796713d\"><h1 class=\"uagb-heading-text\">\u00dcber den Autor<\/h1><div class=\"uagb-separator\"><\/div><\/div>\n<\/div><\/div>\n\n\n\n<div class=\"wp-block-uagb-container uagb-block-c981b168 alignfull uagb-is-root-container\"><div class=\"uagb-container-inner-blocks-wrap\">\n<div class=\"wp-block-uagb-advanced-heading uagb-block-e3d84dc3\"><h4 class=\"uagb-heading-text\">Lernen Sie Daniel Cardoso kennen \u2013 leidenschaftlicher Lehrer, engagierter Autor und Sprachliebhaber.<\/h4><p class=\"uagb-desc-text\">Daniel Cardoso ist der Autor von <em>Portugiesisch lernen (A1)<\/em> und zertifizierter Lehrer f\u00fcr europ\u00e4isches Portugiesisch. Dank seiner langj\u00e4hrigen Erfahrung im Unterrichten von Sch\u00fclern aus aller Welt kennt Daniel die besonderen Herausforderungen, denen englischsprachige Menschen beim Portugiesischlernen gegen\u00fcberstehen \u2013 und wei\u00df, wie man sie meistert. Seine Mission ist es, die Sprache auch f\u00fcr absolute Anf\u00e4nger zug\u00e4nglich, praktisch und unterhaltsam zu machen.<br>Daniel ist in Portugal geboren und aufgewachsen und verbindet seine muttersprachlichen Sprachkenntnisse mit fundierten Kenntnissen in Grammatik und Unterrichtsmethodik. Sein Unterricht ist klar, strukturiert und voller Alltagsbeispiele, die widerspiegeln, wie Portugiesisch im wirklichen Leben gesprochen wird. Ob Sie f\u00fcr Reisen, Familie oder Beruf lernen, Daniel begleitet Sie Schritt f\u00fcr Schritt.<\/p><\/div>\n<\/div><\/div>\n\n\n\n<div class=\"wp-block-uagb-container uagb-block-a72eccc0 alignfull uagb-is-root-container\"><div class=\"uagb-container-inner-blocks-wrap\">\n<div class=\"wp-block-uagb-image aligncenter uagb-block-4f4dada1 wp-block-uagb-image--layout-default wp-block-uagb-image--effect-static wp-block-uagb-image--align-center\"><figure class=\"wp-block-uagb-image__figure\"><img decoding=\"async\" srcset=\"https:\/\/learningportuguese.pt\/wp-content\/uploads\/2025\/05\/Daniel2.png ,https:\/\/learningportuguese.pt\/wp-content\/uploads\/2025\/05\/Daniel2.png 780w, https:\/\/learningportuguese.pt\/wp-content\/uploads\/2025\/05\/Daniel2.png 360w\" sizes=\"auto, (max-width: 480px) 150px\" src=\"https:\/\/learningportuguese.pt\/wp-content\/uploads\/2025\/05\/Daniel2.png\" alt=\"\" class=\"uag-image-1291\" width=\"820\" height=\"640\" title=\"\" loading=\"lazy\" role=\"img\"\/><\/figure><\/div>\n<\/div><\/div>\n\n\n\n<div class=\"wp-block-uagb-container uagb-block-8ef45660 alignfull uagb-is-root-container\"><div class=\"uagb-container-inner-blocks-wrap\">\n<div class=\"wp-block-uagb-advanced-heading uagb-block-2bb5a51b\"><div class=\"uagb-heading-text\">Neben seiner Lehrt\u00e4tigkeit widmet sich Daniel mit gro\u00dfer Leidenschaft der Erstellung hochwertiger Lernmaterialien, die die L\u00fccke zwischen dem Portugiesisch aus Lehrb\u00fcchern und der Anwendung in der realen Welt schlie\u00dfen. <em>Portugiesisch lernen (A1)<\/em> ist das Ergebnis dieser Vision \u2013 ein umfassender Leitfaden f\u00fcr Anf\u00e4nger mit Vokabeln, Grammatik, \u00dcbungen und Audiounterst\u00fctzung. Das speziell f\u00fcr Englischsprachige konzipierte Buch spiegelt Daniels praktische Erfahrung mit Lernenden und sein Engagement f\u00fcr Klarheit und Fortschritt wider.<br>Wenn er nicht gerade unterrichtet oder schreibt, lernt Daniel gerne andere Sprachen, erkundet die portugiesische Kultur und hilft Sch\u00fclern, Selbstvertrauen beim Sprechen zu gewinnen. Sein Ziel ist einfach: Ihre Reise ins europ\u00e4ische Portugiesisch lohnend, effektiv und sogar unterhaltsam zu gestalten.<\/div><\/div>\n\n\n\n<div class=\"wp-block-uagb-separator uagb-block-bc450c41\"><div class=\"wp-block-uagb-separator__inner\" style=\"--my-background-image:\"><\/div><\/div>\n<\/div><\/div>\n\n\n\n<div class=\"wp-block-uagb-container uagb-block-e28b4736 alignfull uagb-is-root-container\"><div class=\"uagb-container-inner-blocks-wrap\"><\/div><\/div>","protected":false},"excerpt":{"rendered":"<p>About the author Meet Daniel Cardoso \u2013 passionate teacher, dedicated author, and language enthusiast. Daniel Cardoso is the author of Learning Portuguese (A1) and a certified teacher of European Portuguese. With years of experience teaching students from all over the world, Daniel understands the unique challenges English speakers face when learning Portuguese \u2013 and how [&hellip;]<\/p>\n","protected":false},"author":1,"featured_media":0,"parent":0,"menu_order":0,"comment_status":"closed","ping_status":"closed","template":"","meta":{"_uag_custom_page_level_css":"","site-sidebar-layout":"no-sidebar","site-content-layout":"plain-container","ast-site-content-layout":"full-width-container","site-content-style":"unboxed","site-sidebar-style":"unboxed","ast-global-header-display":"","ast-banner-title-visibility":"","ast-main-header-display":"","ast-hfb-above-header-display":"","ast-hfb-below-header-display":"","ast-hfb-mobile-header-display":"","site-post-title":"disabled","ast-breadcrumbs-content":"","ast-featured-img":"disabled","footer-sml-layout":"","theme-transparent-header-meta":"enabled","adv-header-id-meta":"","stick-header-meta":"","header-above-stick-meta":"","header-main-stick-meta":"","header-below-stick-meta":"","astra-migrate-meta-layouts":"set","ast-page-background-enabled":"default","ast-page-background-meta":{"desktop":{"background-color":"","background-image":"","background-repeat":"repeat","background-position":"center center","background-size":"auto","background-attachment":"scroll","background-type":"","background-media":"","overlay-type":"","overlay-color":"","overlay-opacity":"","overlay-gradient":""},"tablet":{"background-color":"","background-image":"","background-repeat":"repeat","background-position":"center center","background-size":"auto","background-attachment":"scroll","background-type":"","background-media":"","overlay-type":"","overlay-color":"","overlay-opacity":"","overlay-gradient":""},"mobile":{"background-color":"","background-image":"","background-repeat":"repeat","background-position":"center center","background-size":"auto","background-attachment":"scroll","background-type":"","background-media":"","overlay-type":"","overlay-color":"","overlay-opacity":"","overlay-gradient":""}},"ast-content-background-meta":{"desktop":{"background-color":"var(--ast-global-color-5)","background-image":"","background-repeat":"repeat","background-position":"center center","background-size":"auto","background-attachment":"scroll","background-type":"","background-media":"","overlay-type":"","overlay-color":"","overlay-opacity":"","overlay-gradient":""},"tablet":{"background-color":"var(--ast-global-color-5)","background-image":"","background-repeat":"repeat","background-position":"center center","background-size":"auto","background-attachment":"scroll","background-type":"","background-media":"","overlay-type":"","overlay-color":"","overlay-opacity":"","overlay-gradient":""},"mobile":{"background-color":"var(--ast-global-color-5)","background-image":"","background-repeat":"repeat","background-position":"center center","background-size":"auto","background-attachment":"scroll","background-type":"","background-media":"","overlay-type":"","overlay-color":"","overlay-opacity":"","overlay-gradient":""}},"footnotes":""},"class_list":["post-252","page","type-page","status-publish","hentry"],"yoast_head":"<!-- This site is optimized with the Yoast SEO plugin v27.3 - https:\/\/yoast.com\/product\/yoast-seo-wordpress\/ -->\n<title>About the author - https:\/\/learningportuguese.pt<\/title>\n<meta name=\"robots\" content=\"index, follow, max-snippet:-1, max-image-preview:large, max-video-preview:-1\" \/>\n<link rel=\"canonical\" href=\"https:\/\/learningportuguese.pt\/de\/abouttheauthor\/\" \/>\n<meta property=\"og:locale\" content=\"de_DE\" \/>\n<meta property=\"og:type\" content=\"article\" \/>\n<meta property=\"og:title\" content=\"About the author - https:\/\/learningportuguese.pt\" \/>\n<meta property=\"og:description\" content=\"About the author Meet Daniel Cardoso \u2013 passionate teacher, dedicated author, and language enthusiast. Daniel Cardoso is the author of Learning Portuguese (A1) and a certified teacher of European Portuguese. With years of experience teaching students from all over the world, Daniel understands the unique challenges English speakers face when learning Portuguese \u2013 and how [&hellip;]\" \/>\n<meta property=\"og:url\" content=\"https:\/\/learningportuguese.pt\/de\/abouttheauthor\/\" \/>\n<meta property=\"og:site_name\" content=\"https:\/\/learningportuguese.pt\" \/>\n<meta property=\"article:modified_time\" content=\"2025-06-07T04:46:03+00:00\" \/>\n<meta property=\"og:image\" content=\"https:\/\/learningportuguese.pt\/wp-content\/uploads\/2025\/05\/Daniel2.png\" \/>\n<meta name=\"twitter:card\" content=\"summary_large_image\" \/>\n<meta name=\"twitter:label1\" content=\"Gesch\u00e4tzte Lesezeit\" \/>\n\t<meta name=\"twitter:data1\" content=\"2\u00a0Minuten\" \/>\n<script type=\"application\/ld+json\" class=\"yoast-schema-graph\">{\"@context\":\"https:\\\/\\\/schema.org\",\"@graph\":[{\"@type\":\"WebPage\",\"@id\":\"https:\\\/\\\/learningportuguese.pt\\\/abouttheauthor\\\/\",\"url\":\"https:\\\/\\\/learningportuguese.pt\\\/abouttheauthor\\\/\",\"name\":\"About the author - https:\\\/\\\/learningportuguese.pt\",\"isPartOf\":{\"@id\":\"https:\\\/\\\/learningportuguese.pt\\\/#website\"},\"primaryImageOfPage\":{\"@id\":\"https:\\\/\\\/learningportuguese.pt\\\/abouttheauthor\\\/#primaryimage\"},\"image\":{\"@id\":\"https:\\\/\\\/learningportuguese.pt\\\/abouttheauthor\\\/#primaryimage\"},\"thumbnailUrl\":\"https:\\\/\\\/learningportuguese.pt\\\/wp-content\\\/uploads\\\/2025\\\/05\\\/Daniel2.png\",\"datePublished\":\"2025-05-29T04:39:40+00:00\",\"dateModified\":\"2025-06-07T04:46:03+00:00\",\"breadcrumb\":{\"@id\":\"https:\\\/\\\/learningportuguese.pt\\\/abouttheauthor\\\/#breadcrumb\"},\"inLanguage\":\"de\",\"potentialAction\":[{\"@type\":\"ReadAction\",\"target\":[\"https:\\\/\\\/learningportuguese.pt\\\/abouttheauthor\\\/\"]}]},{\"@type\":\"ImageObject\",\"inLanguage\":\"de\",\"@id\":\"https:\\\/\\\/learningportuguese.pt\\\/abouttheauthor\\\/#primaryimage\",\"url\":\"https:\\\/\\\/learningportuguese.pt\\\/wp-content\\\/uploads\\\/2025\\\/05\\\/Daniel2.png\",\"contentUrl\":\"https:\\\/\\\/learningportuguese.pt\\\/wp-content\\\/uploads\\\/2025\\\/05\\\/Daniel2.png\"},{\"@type\":\"BreadcrumbList\",\"@id\":\"https:\\\/\\\/learningportuguese.pt\\\/abouttheauthor\\\/#breadcrumb\",\"itemListElement\":[{\"@type\":\"ListItem\",\"position\":1,\"name\":\"Home\",\"item\":\"https:\\\/\\\/learningportuguese.pt\\\/\"},{\"@type\":\"ListItem\",\"position\":2,\"name\":\"About the author\"}]},{\"@type\":\"WebSite\",\"@id\":\"https:\\\/\\\/learningportuguese.pt\\\/#website\",\"url\":\"https:\\\/\\\/learningportuguese.pt\\\/\",\"name\":\"https:\\\/\\\/learningportuguese.pt\",\"description\":\"\",\"publisher\":{\"@id\":\"https:\\\/\\\/learningportuguese.pt\\\/#\\\/schema\\\/person\\\/a790737008331828c6abb94b09885918\"},\"potentialAction\":[{\"@type\":\"SearchAction\",\"target\":{\"@type\":\"EntryPoint\",\"urlTemplate\":\"https:\\\/\\\/learningportuguese.pt\\\/?s={search_term_string}\"},\"query-input\":{\"@type\":\"PropertyValueSpecification\",\"valueRequired\":true,\"valueName\":\"search_term_string\"}}],\"inLanguage\":\"de\"},{\"@type\":[\"Person\",\"Organization\"],\"@id\":\"https:\\\/\\\/learningportuguese.pt\\\/#\\\/schema\\\/person\\\/a790737008331828c6abb94b09885918\",\"name\":\"contato@learningportuguese.pt\",\"image\":{\"@type\":\"ImageObject\",\"inLanguage\":\"de\",\"@id\":\"https:\\\/\\\/learningportuguese.pt\\\/wp-content\\\/uploads\\\/2025\\\/05\\\/Logo.png\",\"url\":\"https:\\\/\\\/learningportuguese.pt\\\/wp-content\\\/uploads\\\/2025\\\/05\\\/Logo.png\",\"contentUrl\":\"https:\\\/\\\/learningportuguese.pt\\\/wp-content\\\/uploads\\\/2025\\\/05\\\/Logo.png\",\"width\":500,\"height\":500,\"caption\":\"contato@learningportuguese.pt\"},\"logo\":{\"@id\":\"https:\\\/\\\/learningportuguese.pt\\\/wp-content\\\/uploads\\\/2025\\\/05\\\/Logo.png\"},\"sameAs\":[\"http:\\\/\\\/learningportuguese.pt\"]}]}<\/script>\n<!-- \/ Yoast SEO plugin. -->","yoast_head_json":{"title":"\u00dcber den Autor \u2013 https:\/\/learningportuguese.pt","robots":{"index":"index","follow":"follow","max-snippet":"max-snippet:-1","max-image-preview":"max-image-preview:large","max-video-preview":"max-video-preview:-1"},"canonical":"https:\/\/learningportuguese.pt\/de\/abouttheauthor\/","og_locale":"de_DE","og_type":"article","og_title":"About the author - https:\/\/learningportuguese.pt","og_description":"About the author Meet Daniel Cardoso \u2013 passionate teacher, dedicated author, and language enthusiast. Daniel Cardoso is the author of Learning Portuguese (A1) and a certified teacher of European Portuguese. With years of experience teaching students from all over the world, Daniel understands the unique challenges English speakers face when learning Portuguese \u2013 and how [&hellip;]","og_url":"https:\/\/learningportuguese.pt\/de\/abouttheauthor\/","og_site_name":"https:\/\/learningportuguese.pt","article_modified_time":"2025-06-07T04:46:03+00:00","og_image":[{"url":"https:\/\/learningportuguese.pt\/wp-content\/uploads\/2025\/05\/Daniel2.png","type":"","width":"","height":""}],"twitter_card":"summary_large_image","twitter_misc":{"Gesch\u00e4tzte Lesezeit":"2\u00a0Minuten"},"schema":{"@context":"https:\/\/schema.org","@graph":[{"@type":"WebPage","@id":"https:\/\/learningportuguese.pt\/abouttheauthor\/","url":"https:\/\/learningportuguese.pt\/abouttheauthor\/","name":"\u00dcber den Autor \u2013 https:\/\/learningportuguese.pt","isPartOf":{"@id":"https:\/\/learningportuguese.pt\/#website"},"primaryImageOfPage":{"@id":"https:\/\/learningportuguese.pt\/abouttheauthor\/#primaryimage"},"image":{"@id":"https:\/\/learningportuguese.pt\/abouttheauthor\/#primaryimage"},"thumbnailUrl":"https:\/\/learningportuguese.pt\/wp-content\/uploads\/2025\/05\/Daniel2.png","datePublished":"2025-05-29T04:39:40+00:00","dateModified":"2025-06-07T04:46:03+00:00","breadcrumb":{"@id":"https:\/\/learningportuguese.pt\/abouttheauthor\/#breadcrumb"},"inLanguage":"de","potentialAction":[{"@type":"ReadAction","target":["https:\/\/learningportuguese.pt\/abouttheauthor\/"]}]},{"@type":"ImageObject","inLanguage":"de","@id":"https:\/\/learningportuguese.pt\/abouttheauthor\/#primaryimage","url":"https:\/\/learningportuguese.pt\/wp-content\/uploads\/2025\/05\/Daniel2.png","contentUrl":"https:\/\/learningportuguese.pt\/wp-content\/uploads\/2025\/05\/Daniel2.png"},{"@type":"BreadcrumbList","@id":"https:\/\/learningportuguese.pt\/abouttheauthor\/#breadcrumb","itemListElement":[{"@type":"ListItem","position":1,"name":"Home","item":"https:\/\/learningportuguese.pt\/"},{"@type":"ListItem","position":2,"name":"About the author"}]},{"@type":"WebSite","@id":"https:\/\/learningportuguese.pt\/#website","url":"https:\/\/learningportuguese.pt\/","name":"https:\/\/learningportuguese.pt","description":"","publisher":{"@id":"https:\/\/learningportuguese.pt\/#\/schema\/person\/a790737008331828c6abb94b09885918"},"potentialAction":[{"@type":"SearchAction","target":{"@type":"EntryPoint","urlTemplate":"https:\/\/learningportuguese.pt\/?s={search_term_string}"},"query-input":{"@type":"PropertyValueSpecification","valueRequired":true,"valueName":"search_term_string"}}],"inLanguage":"de"},{"@type":["Person","Organization"],"@id":"https:\/\/learningportuguese.pt\/#\/schema\/person\/a790737008331828c6abb94b09885918","name":"contato@learningportuguese.pt","image":{"@type":"ImageObject","inLanguage":"de","@id":"https:\/\/learningportuguese.pt\/wp-content\/uploads\/2025\/05\/Logo.png","url":"https:\/\/learningportuguese.pt\/wp-content\/uploads\/2025\/05\/Logo.png","contentUrl":"https:\/\/learningportuguese.pt\/wp-content\/uploads\/2025\/05\/Logo.png","width":500,"height":500,"caption":"contato@learningportuguese.pt"},"logo":{"@id":"https:\/\/learningportuguese.pt\/wp-content\/uploads\/2025\/05\/Logo.png"},"sameAs":["http:\/\/learningportuguese.pt"]}]}},"uagb_featured_image_src":{"full":false,"thumbnail":false,"medium":false,"medium_large":false,"large":false,"1536x1536":false,"2048x2048":false,"trp-custom-language-flag":false,"woocommerce_thumbnail":false,"woocommerce_single":false,"woocommerce_gallery_thumbnail":false},"uagb_author_info":{"display_name":"contato@learningportuguese.pt","author_link":"https:\/\/learningportuguese.pt\/de\/author\/contatolearningportuguese-pt\/"},"uagb_comment_info":0,"uagb_excerpt":"About the author Meet Daniel Cardoso \u2013 passionate teacher, dedicated author, and language enthusiast. Daniel Cardoso is the author of Learning Portuguese (A1) and a certified teacher of European Portuguese. With years of experience teaching students from all over the world, Daniel understands the unique challenges English speakers face when learning Portuguese \u2013 and how&hellip;","_links":{"self":[{"href":"https:\/\/learningportuguese.pt\/de\/wp-json\/wp\/v2\/pages\/252","targetHints":{"allow":["GET"]}}],"collection":[{"href":"https:\/\/learningportuguese.pt\/de\/wp-json\/wp\/v2\/pages"}],"about":[{"href":"https:\/\/learningportuguese.pt\/de\/wp-json\/wp\/v2\/types\/page"}],"author":[{"embeddable":true,"href":"https:\/\/learningportuguese.pt\/de\/wp-json\/wp\/v2\/users\/1"}],"replies":[{"embeddable":true,"href":"https:\/\/learningportuguese.pt\/de\/wp-json\/wp\/v2\/comments?post=252"}],"version-history":[{"count":9,"href":"https:\/\/learningportuguese.pt\/de\/wp-json\/wp\/v2\/pages\/252\/revisions"}],"predecessor-version":[{"id":1363,"href":"https:\/\/learningportuguese.pt\/de\/wp-json\/wp\/v2\/pages\/252\/revisions\/1363"}],"wp:attachment":[{"href":"https:\/\/learningportuguese.pt\/de\/wp-json\/wp\/v2\/media?parent=252"}],"curies":[{"name":"wp","href":"https:\/\/api.w.org\/{rel}","templated":true}]}}