{"id":254,"date":"2025-05-29T04:39:40","date_gmt":"2025-05-29T04:39:40","guid":{"rendered":"https:\/\/hotpink-crow-293354.hostingersite.com\/e-books\/"},"modified":"2025-06-20T03:49:58","modified_gmt":"2025-06-20T03:49:58","slug":"books","status":"publish","type":"page","link":"https:\/\/learningportuguese.pt\/de\/books\/","title":{"rendered":"B\u00fccher"},"content":{"rendered":"<div class=\"wp-block-uagb-container uagb-block-a7b1ad8a alignfull uagb-is-root-container\"><div class=\"uagb-container-inner-blocks-wrap\">\n<div class=\"wp-block-uagb-advanced-heading uagb-block-d586b723\"><h1 class=\"uagb-heading-text\">B\u00fccher<\/h1><div class=\"uagb-separator\"><\/div><\/div>\n<\/div><\/div>\n\n\n\n<div class=\"wp-block-uagb-container uagb-layout-grid uagb-block-2dcc0712 alignfull uagb-is-root-container\"><div class=\"uagb-container-inner-blocks-wrap\">\n<div class=\"wp-block-uagb-info-box uagb-block-7ac5e5d0 uagb-infobox__content-wrap  uagb-infobox-icon-above-title uagb-infobox-image-valign-top\"><div class=\"uagb-ifb-content\"><div class=\"uagb-ifb-image-content\"><img decoding=\"async\" src=\"https:\/\/learningportuguese.pt\/wp-content\/uploads\/2025\/06\/Learning-Portuguese-A1.png\" alt=\"\" width=\"380\" height=\"488\" loading=\"lazy\"\/><\/div><div class=\"uagb-ifb-title-wrap\"><span class=\"uagb-ifb-title-prefix\">Portugiesisch lernen<br>(A1)<\/span><h5 class=\"uagb-ifb-title\"><br>Daniel Cardoso<\/h5><\/div><div class=\"uagb-ifb-separator\"><\/div><p class=\"uagb-ifb-desc\">Ein umfassender Leitfaden f\u00fcr Anf\u00e4nger zum europ\u00e4ischen Portugiesisch, speziell f\u00fcr Englischsprachige. Enth\u00e4lt klare Grammatikerkl\u00e4rungen, n\u00fctzliches Vokabular, praktische Dialoge, \u00dcbungen und Audiounterst\u00fctzung \u2013 alles, was Sie brauchen, um selbstbewusst zu sprechen.<\/p><div class=\"uagb-ifb-button-wrapper wp-block-button\"><a href=\"https:\/\/learningportuguese.pt\/de\/produkt\/learning-portuguese-a1\/\" class=\"uagb-infobox-cta-link wp-block-button__link\" target=\"_self\" rel=\"noopener noreferrer\" onclick=\"return true;\"><span class=\"uagb-inline-editing\">Hier kaufen<\/span><\/a><\/div><\/div><\/div>\n\n\n\n<div class=\"wp-block-uagb-info-box uagb-block-ed10a32a uagb-infobox__content-wrap  uagb-infobox-icon-above-title uagb-infobox-image-valign-top\"><div class=\"uagb-ifb-content\"><div class=\"uagb-ifb-image-content\"><img decoding=\"async\" src=\"https:\/\/learningportuguese.pt\/wp-content\/uploads\/2025\/06\/Portugiesisch-Lernen-A1.png\" alt=\"\" width=\"380\" height=\"488\" loading=\"lazy\"\/><\/div><div class=\"uagb-ifb-title-wrap\"><span class=\"uagb-ifb-title-prefix\">Portugiesisch lernen<br>(A1)<\/span><h5 class=\"uagb-ifb-title\"><br>Daniel Cardoso<\/h5><\/div><div class=\"uagb-ifb-separator\"><\/div><p class=\"uagb-ifb-desc\">Ein vollst\u00e4ndiger Einsteigerleitfaden f\u00fcr das Europ\u00e4ische Portugiesisch, speziell f\u00fcr Deutschsprachige.<br>Mit klaren Grammatikerkl\u00e4rungen, n\u00fctzlichem Wortschatz, praxisnahen Dialogen, \u00dcbungen und Audio-Unterst\u00fctzung \u2013 alles, was Sie brauchen, um selbstbewusst Portugiesisch zu sprechen.<br><br>Besonderer Dank geht an Laura f\u00fcr ihre Hilfe bei der deutschen \u00dcbersetzung.<\/p><div class=\"uagb-ifb-button-wrapper wp-block-button\"><a href=\"#\" class=\"uagb-infobox-cta-link wp-block-button__link\" target=\"_self\" rel=\"noopener noreferrer\" onclick=\"return false;\"><span class=\"uagb-inline-editing\">Demn\u00e4chst verf\u00fcgbar<\/span><\/a><\/div><\/div><\/div>\n<\/div><\/div>\n\n\n\n<p><\/p>","protected":false},"excerpt":{"rendered":"<p>B\u00fccher<\/p>","protected":false},"author":1,"featured_media":0,"parent":0,"menu_order":0,"comment_status":"closed","ping_status":"closed","template":"","meta":{"_uag_custom_page_level_css":"","site-sidebar-layout":"no-sidebar","site-content-layout":"plain-container","ast-site-content-layout":"full-width-container","site-content-style":"unboxed","site-sidebar-style":"unboxed","ast-global-header-display":"","ast-banner-title-visibility":"","ast-main-header-display":"","ast-hfb-above-header-display":"","ast-hfb-below-header-display":"","ast-hfb-mobile-header-display":"","site-post-title":"disabled","ast-breadcrumbs-content":"","ast-featured-img":"disabled","footer-sml-layout":"","theme-transparent-header-meta":"enabled","adv-header-id-meta":"","stick-header-meta":"","header-above-stick-meta":"","header-main-stick-meta":"","header-below-stick-meta":"","astra-migrate-meta-layouts":"set","ast-page-background-enabled":"default","ast-page-background-meta":{"desktop":{"background-color":"","background-image":"","background-repeat":"repeat","background-position":"center center","background-size":"auto","background-attachment":"scroll","background-type":"","background-media":"","overlay-type":"","overlay-color":"","overlay-opacity":"","overlay-gradient":""},"tablet":{"background-color":"","background-image":"","background-repeat":"repeat","background-position":"center center","background-size":"auto","background-attachment":"scroll","background-type":"","background-media":"","overlay-type":"","overlay-color":"","overlay-opacity":"","overlay-gradient":""},"mobile":{"background-color":"","background-image":"","background-repeat":"repeat","background-position":"center center","background-size":"auto","background-attachment":"scroll","background-type":"","background-media":"","overlay-type":"","overlay-color":"","overlay-opacity":"","overlay-gradient":""}},"ast-content-background-meta":{"desktop":{"background-color":"var(--ast-global-color-5)","background-image":"","background-repeat":"repeat","background-position":"center center","background-size":"auto","background-attachment":"scroll","background-type":"","background-media":"","overlay-type":"","overlay-color":"","overlay-opacity":"","overlay-gradient":""},"tablet":{"background-color":"var(--ast-global-color-5)","background-image":"","background-repeat":"repeat","background-position":"center center","background-size":"auto","background-attachment":"scroll","background-type":"","background-media":"","overlay-type":"","overlay-color":"","overlay-opacity":"","overlay-gradient":""},"mobile":{"background-color":"var(--ast-global-color-5)","background-image":"","background-repeat":"repeat","background-position":"center center","background-size":"auto","background-attachment":"scroll","background-type":"","background-media":"","overlay-type":"","overlay-color":"","overlay-opacity":"","overlay-gradient":""}},"footnotes":""},"class_list":["post-254","page","type-page","status-publish","hentry"],"yoast_head":"<!-- This site is optimized with the Yoast SEO plugin v27.3 - https:\/\/yoast.com\/product\/yoast-seo-wordpress\/ -->\n<title>Books - https:\/\/learningportuguese.pt<\/title>\n<meta name=\"robots\" content=\"index, follow, max-snippet:-1, max-image-preview:large, max-video-preview:-1\" \/>\n<link rel=\"canonical\" href=\"https:\/\/learningportuguese.pt\/de\/books\/\" \/>\n<meta property=\"og:locale\" content=\"de_DE\" \/>\n<meta property=\"og:type\" content=\"article\" \/>\n<meta property=\"og:title\" content=\"Books - https:\/\/learningportuguese.pt\" \/>\n<meta property=\"og:description\" content=\"Books\" \/>\n<meta property=\"og:url\" content=\"https:\/\/learningportuguese.pt\/de\/books\/\" \/>\n<meta property=\"og:site_name\" content=\"https:\/\/learningportuguese.pt\" \/>\n<meta property=\"article:modified_time\" content=\"2025-06-20T03:49:58+00:00\" \/>\n<meta property=\"og:image\" content=\"https:\/\/learningportuguese.pt\/wp-content\/uploads\/2025\/06\/Learning-Portuguese-A1.png\" \/>\n<meta name=\"twitter:card\" content=\"summary_large_image\" \/>\n<meta name=\"twitter:label1\" content=\"Gesch\u00e4tzte Lesezeit\" \/>\n\t<meta name=\"twitter:data1\" content=\"1\u00a0Minute\" \/>\n<script type=\"application\/ld+json\" class=\"yoast-schema-graph\">{\"@context\":\"https:\\\/\\\/schema.org\",\"@graph\":[{\"@type\":\"WebPage\",\"@id\":\"https:\\\/\\\/learningportuguese.pt\\\/books\\\/\",\"url\":\"https:\\\/\\\/learningportuguese.pt\\\/books\\\/\",\"name\":\"Books - https:\\\/\\\/learningportuguese.pt\",\"isPartOf\":{\"@id\":\"https:\\\/\\\/learningportuguese.pt\\\/#website\"},\"primaryImageOfPage\":{\"@id\":\"https:\\\/\\\/learningportuguese.pt\\\/books\\\/#primaryimage\"},\"image\":{\"@id\":\"https:\\\/\\\/learningportuguese.pt\\\/books\\\/#primaryimage\"},\"thumbnailUrl\":\"https:\\\/\\\/learningportuguese.pt\\\/wp-content\\\/uploads\\\/2025\\\/06\\\/Learning-Portuguese-A1.png\",\"datePublished\":\"2025-05-29T04:39:40+00:00\",\"dateModified\":\"2025-06-20T03:49:58+00:00\",\"breadcrumb\":{\"@id\":\"https:\\\/\\\/learningportuguese.pt\\\/books\\\/#breadcrumb\"},\"inLanguage\":\"de\",\"potentialAction\":[{\"@type\":\"ReadAction\",\"target\":[\"https:\\\/\\\/learningportuguese.pt\\\/books\\\/\"]}]},{\"@type\":\"ImageObject\",\"inLanguage\":\"de\",\"@id\":\"https:\\\/\\\/learningportuguese.pt\\\/books\\\/#primaryimage\",\"url\":\"https:\\\/\\\/learningportuguese.pt\\\/wp-content\\\/uploads\\\/2025\\\/06\\\/Learning-Portuguese-A1.png\",\"contentUrl\":\"https:\\\/\\\/learningportuguese.pt\\\/wp-content\\\/uploads\\\/2025\\\/06\\\/Learning-Portuguese-A1.png\"},{\"@type\":\"BreadcrumbList\",\"@id\":\"https:\\\/\\\/learningportuguese.pt\\\/books\\\/#breadcrumb\",\"itemListElement\":[{\"@type\":\"ListItem\",\"position\":1,\"name\":\"Home\",\"item\":\"https:\\\/\\\/learningportuguese.pt\\\/\"},{\"@type\":\"ListItem\",\"position\":2,\"name\":\"Books\"}]},{\"@type\":\"WebSite\",\"@id\":\"https:\\\/\\\/learningportuguese.pt\\\/#website\",\"url\":\"https:\\\/\\\/learningportuguese.pt\\\/\",\"name\":\"https:\\\/\\\/learningportuguese.pt\",\"description\":\"\",\"publisher\":{\"@id\":\"https:\\\/\\\/learningportuguese.pt\\\/#\\\/schema\\\/person\\\/a790737008331828c6abb94b09885918\"},\"potentialAction\":[{\"@type\":\"SearchAction\",\"target\":{\"@type\":\"EntryPoint\",\"urlTemplate\":\"https:\\\/\\\/learningportuguese.pt\\\/?s={search_term_string}\"},\"query-input\":{\"@type\":\"PropertyValueSpecification\",\"valueRequired\":true,\"valueName\":\"search_term_string\"}}],\"inLanguage\":\"de\"},{\"@type\":[\"Person\",\"Organization\"],\"@id\":\"https:\\\/\\\/learningportuguese.pt\\\/#\\\/schema\\\/person\\\/a790737008331828c6abb94b09885918\",\"name\":\"contato@learningportuguese.pt\",\"image\":{\"@type\":\"ImageObject\",\"inLanguage\":\"de\",\"@id\":\"https:\\\/\\\/learningportuguese.pt\\\/wp-content\\\/uploads\\\/2025\\\/05\\\/Logo.png\",\"url\":\"https:\\\/\\\/learningportuguese.pt\\\/wp-content\\\/uploads\\\/2025\\\/05\\\/Logo.png\",\"contentUrl\":\"https:\\\/\\\/learningportuguese.pt\\\/wp-content\\\/uploads\\\/2025\\\/05\\\/Logo.png\",\"width\":500,\"height\":500,\"caption\":\"contato@learningportuguese.pt\"},\"logo\":{\"@id\":\"https:\\\/\\\/learningportuguese.pt\\\/wp-content\\\/uploads\\\/2025\\\/05\\\/Logo.png\"},\"sameAs\":[\"http:\\\/\\\/learningportuguese.pt\"]}]}<\/script>\n<!-- \/ Yoast SEO plugin. -->","yoast_head_json":{"title":"B\u00fccher \u2013 https:\/\/learningportuguese.pt","robots":{"index":"index","follow":"follow","max-snippet":"max-snippet:-1","max-image-preview":"max-image-preview:large","max-video-preview":"max-video-preview:-1"},"canonical":"https:\/\/learningportuguese.pt\/de\/books\/","og_locale":"de_DE","og_type":"article","og_title":"Books - https:\/\/learningportuguese.pt","og_description":"Books","og_url":"https:\/\/learningportuguese.pt\/de\/books\/","og_site_name":"https:\/\/learningportuguese.pt","article_modified_time":"2025-06-20T03:49:58+00:00","og_image":[{"url":"https:\/\/learningportuguese.pt\/wp-content\/uploads\/2025\/06\/Learning-Portuguese-A1.png","type":"","width":"","height":""}],"twitter_card":"summary_large_image","twitter_misc":{"Gesch\u00e4tzte Lesezeit":"1\u00a0Minute"},"schema":{"@context":"https:\/\/schema.org","@graph":[{"@type":"WebPage","@id":"https:\/\/learningportuguese.pt\/books\/","url":"https:\/\/learningportuguese.pt\/books\/","name":"B\u00fccher \u2013 https:\/\/learningportuguese.pt","isPartOf":{"@id":"https:\/\/learningportuguese.pt\/#website"},"primaryImageOfPage":{"@id":"https:\/\/learningportuguese.pt\/books\/#primaryimage"},"image":{"@id":"https:\/\/learningportuguese.pt\/books\/#primaryimage"},"thumbnailUrl":"https:\/\/learningportuguese.pt\/wp-content\/uploads\/2025\/06\/Learning-Portuguese-A1.png","datePublished":"2025-05-29T04:39:40+00:00","dateModified":"2025-06-20T03:49:58+00:00","breadcrumb":{"@id":"https:\/\/learningportuguese.pt\/books\/#breadcrumb"},"inLanguage":"de","potentialAction":[{"@type":"ReadAction","target":["https:\/\/learningportuguese.pt\/books\/"]}]},{"@type":"ImageObject","inLanguage":"de","@id":"https:\/\/learningportuguese.pt\/books\/#primaryimage","url":"https:\/\/learningportuguese.pt\/wp-content\/uploads\/2025\/06\/Learning-Portuguese-A1.png","contentUrl":"https:\/\/learningportuguese.pt\/wp-content\/uploads\/2025\/06\/Learning-Portuguese-A1.png"},{"@type":"BreadcrumbList","@id":"https:\/\/learningportuguese.pt\/books\/#breadcrumb","itemListElement":[{"@type":"ListItem","position":1,"name":"Home","item":"https:\/\/learningportuguese.pt\/"},{"@type":"ListItem","position":2,"name":"Books"}]},{"@type":"WebSite","@id":"https:\/\/learningportuguese.pt\/#website","url":"https:\/\/learningportuguese.pt\/","name":"https:\/\/learningportuguese.pt","description":"","publisher":{"@id":"https:\/\/learningportuguese.pt\/#\/schema\/person\/a790737008331828c6abb94b09885918"},"potentialAction":[{"@type":"SearchAction","target":{"@type":"EntryPoint","urlTemplate":"https:\/\/learningportuguese.pt\/?s={search_term_string}"},"query-input":{"@type":"PropertyValueSpecification","valueRequired":true,"valueName":"search_term_string"}}],"inLanguage":"de"},{"@type":["Person","Organization"],"@id":"https:\/\/learningportuguese.pt\/#\/schema\/person\/a790737008331828c6abb94b09885918","name":"contato@learningportuguese.pt","image":{"@type":"ImageObject","inLanguage":"de","@id":"https:\/\/learningportuguese.pt\/wp-content\/uploads\/2025\/05\/Logo.png","url":"https:\/\/learningportuguese.pt\/wp-content\/uploads\/2025\/05\/Logo.png","contentUrl":"https:\/\/learningportuguese.pt\/wp-content\/uploads\/2025\/05\/Logo.png","width":500,"height":500,"caption":"contato@learningportuguese.pt"},"logo":{"@id":"https:\/\/learningportuguese.pt\/wp-content\/uploads\/2025\/05\/Logo.png"},"sameAs":["http:\/\/learningportuguese.pt"]}]}},"uagb_featured_image_src":{"full":false,"thumbnail":false,"medium":false,"medium_large":false,"large":false,"1536x1536":false,"2048x2048":false,"trp-custom-language-flag":false,"woocommerce_thumbnail":false,"woocommerce_single":false,"woocommerce_gallery_thumbnail":false},"uagb_author_info":{"display_name":"contato@learningportuguese.pt","author_link":"https:\/\/learningportuguese.pt\/de\/author\/contatolearningportuguese-pt\/"},"uagb_comment_info":0,"uagb_excerpt":"Books","_links":{"self":[{"href":"https:\/\/learningportuguese.pt\/de\/wp-json\/wp\/v2\/pages\/254","targetHints":{"allow":["GET"]}}],"collection":[{"href":"https:\/\/learningportuguese.pt\/de\/wp-json\/wp\/v2\/pages"}],"about":[{"href":"https:\/\/learningportuguese.pt\/de\/wp-json\/wp\/v2\/types\/page"}],"author":[{"embeddable":true,"href":"https:\/\/learningportuguese.pt\/de\/wp-json\/wp\/v2\/users\/1"}],"replies":[{"embeddable":true,"href":"https:\/\/learningportuguese.pt\/de\/wp-json\/wp\/v2\/comments?post=254"}],"version-history":[{"count":15,"href":"https:\/\/learningportuguese.pt\/de\/wp-json\/wp\/v2\/pages\/254\/revisions"}],"predecessor-version":[{"id":1394,"href":"https:\/\/learningportuguese.pt\/de\/wp-json\/wp\/v2\/pages\/254\/revisions\/1394"}],"wp:attachment":[{"href":"https:\/\/learningportuguese.pt\/de\/wp-json\/wp\/v2\/media?parent=254"}],"curies":[{"name":"wp","href":"https:\/\/api.w.org\/{rel}","templated":true}]}}